{"id":1156,"date":"2020-07-20T11:33:14","date_gmt":"2020-07-20T09:33:14","guid":{"rendered":"https:\/\/www.hinzen-privatkontor.de\/?page_id=1156"},"modified":"2021-10-20T10:54:44","modified_gmt":"2021-10-20T08:54:44","slug":"anlage-und-finanzierungsstrategie","status":"publish","type":"page","link":"https:\/\/www.hinzen-privatkontor.de\/en\/anlage-und-finanzierungsstrategie\/","title":{"rendered":"Investment and financing strategy"},"content":{"rendered":"<div id='full_slider_1'  class='avia-fullwidth-slider main_color avia-shadow   avia-builder-el-0  el_before_av_layout_row  avia-builder-el-first   container_wrap sidebar_right'  >\n<style type=\"text\/css\" data-created_by=\"avia_inline_auto\" id=\"style-css-av-kcuctxqx-c9aeb62f3d0ca3ad11f68239b2a748a1\">\n#top #wrap_all .avia-slideshow .av-slideshow-caption.av-kcuctxqx-c9aeb62f3d0ca3ad11f68239b2a748a1__0 .avia-caption-title{\nfont-size:80px;\n}\n<\/style>\n<div  class='avia-slideshow av-kcuctxqx-c9aeb62f3d0ca3ad11f68239b2a748a1 avia-slideshow-no scaling av_slideshow_full avia-slide-slider av-slideshow-ui av-control-default av-slideshow-manual av-loop-once av-loop-manual-endless av-default-height-applied   avia-slideshow-1' data-slideshow-options=\"{&quot;animation&quot;:&quot;slide&quot;,&quot;autoplay&quot;:false,&quot;loop_autoplay&quot;:&quot;once&quot;,&quot;interval&quot;:5,&quot;loop_manual&quot;:&quot;manual-endless&quot;,&quot;autoplay_stopper&quot;:false,&quot;noNavigation&quot;:false,&quot;bg_slider&quot;:false,&quot;keep_padding&quot;:false,&quot;hoverpause&quot;:false,&quot;show_slide_delay&quot;:0}\"  itemprop=\"image\" itemscope=\"itemscope\" itemtype=\"https:\/\/schema.org\/ImageObject\" ><ul class='avia-slideshow-inner' style='padding-bottom: 23.333333333333%;'><li  class='avia-slideshow-slide av-kcuctxqx-c9aeb62f3d0ca3ad11f68239b2a748a1__0  av-single-slide slide-1 slide-odd'><div data-rel='slideshow-1' class='avia-slide-wrap'   ><div class='av-slideshow-caption av-kcuctxqx-c9aeb62f3d0ca3ad11f68239b2a748a1__0 caption_fullwidth caption_bottom'><div class=\"container caption_container\"><div class=\"slideshow_caption\"><div class=\"slideshow_inner_caption\"><div class=\"slideshow_align_caption\"><h2 class='avia-caption-title'  itemprop=\"name\" >Investment and financing strategy<\/h2><\/div><\/div><\/div><\/div><\/div><img decoding=\"async\" fetchpriority=\"high\" class=\"wp-image-1570 avia-img-lazy-loading-not-1570\"  src=\"https:\/\/www.hinzen-privatkontor.de\/wp-content\/uploads\/2020\/08\/Slider_Anlage_Finanzierungsstrategie_1500x350.jpg\" width=\"1500\" height=\"350\" title='Slider_Anlage_Finanzierungsstrategie_1500x350' alt=''  itemprop=\"thumbnailUrl\" srcset=\"https:\/\/www.hinzen-privatkontor.de\/wp-content\/uploads\/2020\/08\/Slider_Anlage_Finanzierungsstrategie_1500x350.jpg 1500w, https:\/\/www.hinzen-privatkontor.de\/wp-content\/uploads\/2020\/08\/Slider_Anlage_Finanzierungsstrategie_1500x350-300x70.jpg 300w, https:\/\/www.hinzen-privatkontor.de\/wp-content\/uploads\/2020\/08\/Slider_Anlage_Finanzierungsstrategie_1500x350-1030x240.jpg 1030w, https:\/\/www.hinzen-privatkontor.de\/wp-content\/uploads\/2020\/08\/Slider_Anlage_Finanzierungsstrategie_1500x350-768x179.jpg 768w, https:\/\/www.hinzen-privatkontor.de\/wp-content\/uploads\/2020\/08\/Slider_Anlage_Finanzierungsstrategie_1500x350-705x165.jpg 705w\" sizes=\"(max-width: 1500px) 100vw, 1500px\" \/><div class='av-section-color-overlay' style='opacity: 0.3; background-color: #000000; '><\/div><\/div><\/li><\/ul><\/div><\/div>\n<div id='av-layout-grid-1'  class='av-layout-grid-container av-di83hw-cfd3aeb9c70ca1204dceb13267928483 entry-content-wrapper main_color av-flex-cells  avia-builder-el-1  el_after_av_slideshow_full  avia-builder-el-last  grid-row-not-first  container_wrap sidebar_right'  >\n\n<style type=\"text\/css\" data-created_by=\"avia_inline_auto\" id=\"style-css-av-d5fhpg-cdbee0a691376e798ff61c9e13427578\">\n.flex_cell.av-d5fhpg-cdbee0a691376e798ff61c9e13427578{\nvertical-align:top;\n}\n.responsive #top #wrap_all .flex_cell.av-d5fhpg-cdbee0a691376e798ff61c9e13427578{\npadding:30px 30px 30px 30px !important;\n}\n<\/style>\n<div class='flex_cell av-d5fhpg-cdbee0a691376e798ff61c9e13427578 av-gridrow-cell av_one_fifth no_margin  avia-builder-el-2  el_before_av_cell_three_fifth  avia-builder-el-first  content-align-top'  ><div class='flex_cell_inner'><\/div><\/div>\n<style type=\"text\/css\" data-created_by=\"avia_inline_auto\" id=\"style-css-av-b3ydxw-5eb5ed8391f950fb20f014f3e5f49926\">\n.flex_cell.av-b3ydxw-5eb5ed8391f950fb20f014f3e5f49926{\nvertical-align:top;\n}\n.responsive #top #wrap_all .flex_cell.av-b3ydxw-5eb5ed8391f950fb20f014f3e5f49926{\npadding:30px 30px 30px 30px !important;\n}\n<\/style>\n<div class='flex_cell av-b3ydxw-5eb5ed8391f950fb20f014f3e5f49926 av-gridrow-cell av_three_fifth no_margin  avia-builder-el-3  el_after_av_cell_one_fifth  el_before_av_cell_one_fifth  content-align-top'  ><div class='flex_cell_inner'><p><section  class='av_textblock_section av-kcucdn4w-d77f76233448e05e574775e8a7903134'   itemscope=\"itemscope\" itemtype=\"https:\/\/schema.org\/CreativeWork\" ><div class='avia_textblock'  itemprop=\"text\" ><p><em>\"To know and understand - economic solutions for the church context.\"<\/em><\/p>\n<p>Successful economic management is essential to achieving idealistic goals. We see our task as providing decision-makers with loyal advice on all economic and financial issues. This applies in particular to the long-term orientation of business on the financial markets, be it investments, e.g. for later investments or for old-age provisions, or the financing of large, mostly social-economic projects.<\/p>\n<p>Solid and regularly adapted structures in investments and financing have a direct impact on the economic status and the economic capacity to act. The benefits of higher returns on investment, lower financing costs or in terms of risk-bearing capacity are significant and can be measured in concrete terms. Transparency about the content and impact mechanisms of the individual financial transactions and the portfolio provide you with security.<\/p>\n<p>We are here to support you in all phases of financial projects. Together with you, or as a model for you, we develop individual concepts, organize their implementation in your own corporation and in cooperation with external partners such as banks, and assist in the smooth start-up. On request, we monitor the then running processes for conformity to your strategy specifications and their contribution to success.<\/p>\n<\/div><\/section><br \/>\n\n<style type=\"text\/css\" data-created_by=\"avia_inline_auto\" id=\"style-css-av-kcucfrqa-06af92c5c35810932b8b5cdcd6fa07b8\">\n#top .togglecontainer.av-kcucfrqa-06af92c5c35810932b8b5cdcd6fa07b8 p.toggler{\nbackground-color:rgba(237,237,237,0.5);\n}\n#top .togglecontainer.av-kcucfrqa-06af92c5c35810932b8b5cdcd6fa07b8 p.toggler:not(.activeTitle):hover{\ncolor:rgba(158,158,158,0.5);\n}\n#top .togglecontainer.av-kcucfrqa-06af92c5c35810932b8b5cdcd6fa07b8 p.toggler:not(.activeTitle):hover .toggle_icon, #top .togglecontainer.av-kcucfrqa-06af92c5c35810932b8b5cdcd6fa07b8 p.toggler:not(.activeTitle):hover .toggle_icon *{\nborder-color:rgba(158,158,158,0.5) !important;\n}\n#top .togglecontainer.av-kcucfrqa-06af92c5c35810932b8b5cdcd6fa07b8 .toggle_wrap .toggle_content{\nbackground-color:rgba(237,237,237,0.5);\n}\n<\/style>\n<div  class='togglecontainer av-kcucfrqa-06af92c5c35810932b8b5cdcd6fa07b8 av-elegant-toggle  avia-builder-el-5  el_after_av_textblock  avia-builder-el-last  toggle_close_all' >\n<section class='av_toggle_section av-av_toggle-9543ee6bb17681f286cb45a7118fefd2'  itemscope=\"itemscope\" itemtype=\"https:\/\/schema.org\/CreativeWork\" ><div role=\"tablist\" class=\"single_toggle\" data-tags=\"{All} \"  ><p id='toggle-toggle-id-1' data-fake-id='#toggle-id-1' class='toggler  av-title-above'  itemprop=\"headline\"  role='tab' tabindex='0' aria-controls='toggle-id-1' data-slide-speed=\"200\" data-title=\"Anlagestruktur\" data-title-open=\"\" data-aria_collapsed=\"Click to expand: Anlagestruktur\" data-aria_expanded=\"Click to collapse: Anlagestruktur\">Investment structure<span class=\"toggle_icon\"><span class=\"vert_icon\"><\/span><span class=\"hor_icon\"><\/span><\/span><\/p><div id='toggle-id-1' aria-labelledby='toggle-toggle-id-1' role='region' class='toggle_wrap  av-title-above'  ><div class='toggle_content invers-color'  itemprop=\"text\" ><p class=\"special-letter\"> We show you new solutions and investment forms and advise you in a sustainable and value-oriented way according to your ideals and objectives.<\/p>\n<p>For clients with a larger volume of investments, we offer all investment consulting services from the creation of an individual investment guideline for market research into eligible asset management companies, to the appraisal of specific investments. If desired, we will work as an independent advisor at your side in investment committees.<\/p>\n<p>On request, we regularly monitor implemented investment services.<\/p>\n<p>Your supervising bank or financial service provider remains responsible for product-related, specific consulting and concrete implementation. We guarantee independent strategic consulting, evaluation and control.<\/p>\n<p>Practical examples<\/p>\n<ul>\n<li>Support of an international trust, a congregation in Rhineland-Palatinate, a complex operator organization in North Rhine-Westphalia, etc. in the development of investment strategy and investment guidelines<\/li>\n<li>Tendering to various banks for 7, 8 and 9 figure security holdings, evaluation of incoming bank offers and implementation control<\/li>\n<li>Allocation of internal funds for investment measures and capital investment for a hospital operator in North Rhine-Westphalia<\/li>\n<\/ul>\n<\/div><\/div><\/div><\/section>\n<section class='av_toggle_section av-av_toggle-0e3fedc7455167733ee29e630aed7c2f'  itemscope=\"itemscope\" itemtype=\"https:\/\/schema.org\/CreativeWork\" ><div role=\"tablist\" class=\"single_toggle\" data-tags=\"{All} \"  ><p id='toggle-toggle-id-2' data-fake-id='#toggle-id-2' class='toggler  av-title-above'  itemprop=\"headline\"  role='tab' tabindex='0' aria-controls='toggle-id-2' data-slide-speed=\"200\" data-title=\"Finanzierungsstruktur\" data-title-open=\"\" data-aria_collapsed=\"Click to expand: Finanzierungsstruktur\" data-aria_expanded=\"Click to collapse: Finanzierungsstruktur\">Financing structure<span class=\"toggle_icon\"><span class=\"vert_icon\"><\/span><span class=\"hor_icon\"><\/span><\/span><\/p><div id='toggle-id-2' aria-labelledby='toggle-toggle-id-2' role='region' class='toggle_wrap  av-title-above'  ><div class='toggle_content invers-color'  itemprop=\"text\" ><p class=\"special-letter\"> We provide support in the financial structuring of upcoming investments for the profitable development of business operations and develop strategies for the unbundling of non-material and operational assets.<\/p>\n<p>As a competent partner, we are able to point out new solutions and alternative financing options, such as via promissory note loans, subsidies or fundraising. On request, we regularly monitor the financing services used and actively make proposals for managing the debt interests and repayments.<\/p>\n<p>To this end, we develop concepts and tenders. The product-related, specific financing offer and the concrete implementation remain with the banks, which we evaluate in terms of costs and benefits for you.<\/p>\n<p>Practical examples<\/p>\n<ul>\n<li>Advisement of a religious congregation on the provision of equity capital for investments in real estate partly used by the congregation itself in the diocese of Limburg<\/li>\n<li>Structuring of the finance plan for a new ward block and central operating theater for hospitals under foundation and municipal ownership<\/li>\n<li>Tendering and flexible structuring of a large financing for a charitable company in Baden-W\u00fcrttemberg in the context of a corporate entity merger<\/li>\n<\/ul>\n<\/div><\/div><\/div><\/section>\n<section class='av_toggle_section av-av_toggle-066fb0dc02a9be0768f3d858636ea6d6'  itemscope=\"itemscope\" itemtype=\"https:\/\/schema.org\/CreativeWork\" ><div role=\"tablist\" class=\"single_toggle\" data-tags=\"{All} \"  ><p id='toggle-toggle-id-3' data-fake-id='#toggle-id-3' class='toggler  av-title-above'  itemprop=\"headline\"  role='tab' tabindex='0' aria-controls='toggle-id-3' data-slide-speed=\"200\" data-title=\"Risikomanagement\" data-title-open=\"\" data-aria_collapsed=\"Click to expand: Risikomanagement\" data-aria_expanded=\"Click to collapse: Risikomanagement\">Risk management<span class=\"toggle_icon\"><span class=\"vert_icon\"><\/span><span class=\"hor_icon\"><\/span><\/span><\/p><div id='toggle-id-3' aria-labelledby='toggle-toggle-id-3' role='region' class='toggle_wrap  av-title-above'  ><div class='toggle_content invers-color'  itemprop=\"text\" ><p class=\"special-letter\"> Taking risks is part of doing business and can lead to attractive returns, or even have idealistic motives. Risk taking dangerous when risks are not recognized or are underestimated. Risk management encompasses all provisions for identifying, assessing, and controlling risks, including compliance risks. The aim is to identify important developments at an early stage. In this way, effects that could endanger the company can be monitored, complex responsibilities can be successfully managed, and opportunities can also be identified.<\/p>\n<p>Over the course of our consultation, the various natures and causes of risks are jointly identified, probabilities of occurrence and possible consequences are assessed, measures for risk management and control are developed, and indicators for simple risk monitoring are noted for future use. This ensures, for example, proper management in the case of capital investments and investment\/financing projects, or compliance with governmental and ethical standards in the case of heritable building rights or tenancies.<\/p>\n<p>In the risk-oriented audit, existing risks are made transparent in terms of their amount, their justifiability and coverage by equity are examined, and any existing risk management approaches are evaluated. Audits remain highly efficient through the use of available progress and financial reports, management reports and the use of expert interviews in the corporate bodies.<\/p>\n<p>Practical examples<\/p>\n<ul>\n<li>Development of a uniform, risk-oriented financial reporting system as a benchmark for a congregation of independent monasteries in different countries<\/li>\n<li>Risk management workshop at the holding company of a large German hospital chain, compliance workshops with executive bodies of a large social ministry of Catholic women\u2019s association as well as a large church foundation<\/li>\n<li>Risk inventory and management recommendations at an Austrian monastery on the occasion of a change of management and the planned handover of key tasks to employees<\/li>\n<\/ul>\n<\/div><\/div><\/div><\/section>\n<section class='av_toggle_section av-av_toggle-50f9e8002fe37551eb4a5116434c680a'  itemscope=\"itemscope\" itemtype=\"https:\/\/schema.org\/CreativeWork\" ><div role=\"tablist\" class=\"single_toggle\" data-tags=\"{All} \"  ><p id='toggle-toggle-id-4' data-fake-id='#toggle-id-4' class='toggler  av-title-above'  itemprop=\"headline\"  role='tab' tabindex='0' aria-controls='toggle-id-4' data-slide-speed=\"200\" data-title=\"Nachhaltigkeitsmanagement\" data-title-open=\"\" data-aria_collapsed=\"Click to expand: Nachhaltigkeitsmanagement\" data-aria_expanded=\"Click to collapse: Nachhaltigkeitsmanagement\">Sustainability management<span class=\"toggle_icon\"><span class=\"vert_icon\"><\/span><span class=\"hor_icon\"><\/span><\/span><\/p><div id='toggle-id-4' aria-labelledby='toggle-toggle-id-4' role='region' class='toggle_wrap  av-title-above'  ><div class='toggle_content invers-color'  itemprop=\"text\" ><p class=\"special-letter\">Church institutions also want to ensure that their actions in financial transactions are in line with their own values. Financial investments are investments in economic activities that should meet the needs of investors. Equally important is the promotion of good works, without losing sight of the investors' return or risk objectives. The focus is on the criterion of sustainability, the respectful and conservational use of the world's resources, people, and the environment itself. Special church requirements or funding goals are also taken into consideration.<\/p>\n<p>The implementation of ethical ideas in a networked business environment is extremely complex. It requires intelligent objectives of one's own as well as extensive information in order to obtain and evaluate relevant decision-making data on an ongoing basis.<\/p>\n<p>We help to sharpen one's own sustainability goals by providing information, pointing out opportunities and limitations, and participating in critical discourse with multipliers and responsible parties. Extensive knowledge of standard market procedures and research providers support you in adequately putting your own goals into practice.<\/p>\n<p>Practical examples<\/p>\n<ul>\n<li>Consultation of a religious community in Rhineland-Palatinate on the definition of effective and efficient individual sustainability goals as well as on the monitoring of financial portfolios<\/li>\n<li>Integration of an individual sustainability strategy, including impact investing, for the international capital assets of a congregation in Rome<\/li>\n<li>Design of a microfinance portfolio diversified by focus and region<\/li>\n<\/ul>\n<\/div><\/div><\/div><\/section>\n<\/div><\/p>\n<\/div><\/div>\n<style type=\"text\/css\" data-created_by=\"avia_inline_auto\" id=\"style-css-av-2mgvg4-4d78843175b350f2d779462d775a04d4\">\n.flex_cell.av-2mgvg4-4d78843175b350f2d779462d775a04d4{\nvertical-align:top;\n}\n.responsive #top #wrap_all .flex_cell.av-2mgvg4-4d78843175b350f2d779462d775a04d4{\npadding:30px 30px 30px 30px !important;\n}\n<\/style>\n<div class='flex_cell av-2mgvg4-4d78843175b350f2d779462d775a04d4 av-gridrow-cell av_one_fifth no_margin  avia-builder-el-6  el_after_av_cell_three_fifth  avia-builder-el-last  content-align-top'  ><div class='flex_cell_inner'><\/div><\/div><\/div>","protected":false},"excerpt":{"rendered":"<p>Wir sehen unsere Aufgabe darin, den Entscheidungstr\u00e4gern bei allen wirtschaftlichen und finanziellen Fragen mit loyalem Rat zur Seite zu stehen. Das gilt besonders f\u00fcr eine kluge strategische Ausrichtung der Gesch\u00e4fte auf den Finanzm\u00e4rkten, seien es Anlagen oder die Finanzierung von gro\u00dfen Projekten.<\/p>","protected":false},"author":1,"featured_media":0,"parent":0,"menu_order":0,"comment_status":"closed","ping_status":"closed","template":"","meta":{"footnotes":""},"class_list":["post-1156","page","type-page","status-publish","hentry"],"yoast_head":"<!-- This site is optimized with the Yoast SEO plugin v27.4 - https:\/\/yoast.com\/product\/yoast-seo-wordpress\/ -->\n<title>Anlage- und Finanzierungsstrategie - Hinzen Privatkontor -<\/title>\n<meta name=\"description\" content=\"Wir sehen unsere Aufgabe darin, den Entscheidungstr\u00e4gern bei allen wirtschaftlichen und finanziellen Fragen mit loyalem Rat zur Seite ...\" \/>\n<meta name=\"robots\" content=\"index, follow, max-snippet:-1, max-image-preview:large, max-video-preview:-1\" \/>\n<link rel=\"canonical\" href=\"https:\/\/www.hinzen-privatkontor.de\/en\/anlage-und-finanzierungsstrategie\/\" \/>\n<meta property=\"og:locale\" content=\"en_US\" \/>\n<meta property=\"og:type\" content=\"article\" \/>\n<meta property=\"og:title\" content=\"Anlage- und Finanzierungsstrategie - Hinzen Privatkontor -\" \/>\n<meta property=\"og:description\" content=\"Wir sehen unsere Aufgabe darin, den Entscheidungstr\u00e4gern bei allen wirtschaftlichen und finanziellen Fragen mit loyalem Rat zur Seite ...\" \/>\n<meta property=\"og:url\" content=\"https:\/\/www.hinzen-privatkontor.de\/en\/anlage-und-finanzierungsstrategie\/\" \/>\n<meta property=\"og:site_name\" content=\"Hinzen Privatkontor\" \/>\n<meta property=\"article:modified_time\" content=\"2021-10-20T08:54:44+00:00\" \/>\n<meta name=\"twitter:card\" content=\"summary_large_image\" \/>\n<meta name=\"twitter:label1\" content=\"Est. reading time\" \/>\n\t<meta name=\"twitter:data1\" content=\"5 minutes\" \/>\n<script type=\"application\/ld+json\" class=\"yoast-schema-graph\">{\"@context\":\"https:\\\/\\\/schema.org\",\"@graph\":[{\"@type\":\"WebPage\",\"@id\":\"https:\\\/\\\/www.hinzen-privatkontor.de\\\/anlage-und-finanzierungsstrategie\\\/\",\"url\":\"https:\\\/\\\/www.hinzen-privatkontor.de\\\/anlage-und-finanzierungsstrategie\\\/\",\"name\":\"Anlage- und Finanzierungsstrategie - Hinzen Privatkontor -\",\"isPartOf\":{\"@id\":\"https:\\\/\\\/www.hinzen-privatkontor.de\\\/#website\"},\"datePublished\":\"2020-07-20T09:33:14+00:00\",\"dateModified\":\"2021-10-20T08:54:44+00:00\",\"description\":\"Wir sehen unsere Aufgabe darin, den Entscheidungstr\u00e4gern bei allen wirtschaftlichen und finanziellen Fragen mit loyalem Rat zur Seite ...\",\"breadcrumb\":{\"@id\":\"https:\\\/\\\/www.hinzen-privatkontor.de\\\/anlage-und-finanzierungsstrategie\\\/#breadcrumb\"},\"inLanguage\":\"en-US\",\"potentialAction\":[{\"@type\":\"ReadAction\",\"target\":[\"https:\\\/\\\/www.hinzen-privatkontor.de\\\/anlage-und-finanzierungsstrategie\\\/\"]}]},{\"@type\":\"BreadcrumbList\",\"@id\":\"https:\\\/\\\/www.hinzen-privatkontor.de\\\/anlage-und-finanzierungsstrategie\\\/#breadcrumb\",\"itemListElement\":[{\"@type\":\"ListItem\",\"position\":1,\"name\":\"Startseite\",\"item\":\"https:\\\/\\\/www.hinzen-privatkontor.de\\\/startseite\\\/\"},{\"@type\":\"ListItem\",\"position\":2,\"name\":\"Anlage- und Finanzierungsstrategie\"}]},{\"@type\":\"WebSite\",\"@id\":\"https:\\\/\\\/www.hinzen-privatkontor.de\\\/#website\",\"url\":\"https:\\\/\\\/www.hinzen-privatkontor.de\\\/\",\"name\":\"Hinzen Privatkontor\",\"description\":\"Eine weitere WordPress-Website\",\"potentialAction\":[{\"@type\":\"SearchAction\",\"target\":{\"@type\":\"EntryPoint\",\"urlTemplate\":\"https:\\\/\\\/www.hinzen-privatkontor.de\\\/?s={search_term_string}\"},\"query-input\":{\"@type\":\"PropertyValueSpecification\",\"valueRequired\":true,\"valueName\":\"search_term_string\"}}],\"inLanguage\":\"en-US\"}]}<\/script>\n<!-- \/ Yoast SEO plugin. -->","yoast_head_json":{"title":"Anlage- und Finanzierungsstrategie - Hinzen Privatkontor -","description":"Wir sehen unsere Aufgabe darin, den Entscheidungstr\u00e4gern bei allen wirtschaftlichen und finanziellen Fragen mit loyalem Rat zur Seite ...","robots":{"index":"index","follow":"follow","max-snippet":"max-snippet:-1","max-image-preview":"max-image-preview:large","max-video-preview":"max-video-preview:-1"},"canonical":"https:\/\/www.hinzen-privatkontor.de\/en\/anlage-und-finanzierungsstrategie\/","og_locale":"en_US","og_type":"article","og_title":"Anlage- und Finanzierungsstrategie - Hinzen Privatkontor -","og_description":"Wir sehen unsere Aufgabe darin, den Entscheidungstr\u00e4gern bei allen wirtschaftlichen und finanziellen Fragen mit loyalem Rat zur Seite ...","og_url":"https:\/\/www.hinzen-privatkontor.de\/en\/anlage-und-finanzierungsstrategie\/","og_site_name":"Hinzen Privatkontor","article_modified_time":"2021-10-20T08:54:44+00:00","twitter_card":"summary_large_image","twitter_misc":{"Est. reading time":"5 minutes"},"schema":{"@context":"https:\/\/schema.org","@graph":[{"@type":"WebPage","@id":"https:\/\/www.hinzen-privatkontor.de\/anlage-und-finanzierungsstrategie\/","url":"https:\/\/www.hinzen-privatkontor.de\/anlage-und-finanzierungsstrategie\/","name":"Anlage- und Finanzierungsstrategie - Hinzen Privatkontor -","isPartOf":{"@id":"https:\/\/www.hinzen-privatkontor.de\/#website"},"datePublished":"2020-07-20T09:33:14+00:00","dateModified":"2021-10-20T08:54:44+00:00","description":"Wir sehen unsere Aufgabe darin, den Entscheidungstr\u00e4gern bei allen wirtschaftlichen und finanziellen Fragen mit loyalem Rat zur Seite ...","breadcrumb":{"@id":"https:\/\/www.hinzen-privatkontor.de\/anlage-und-finanzierungsstrategie\/#breadcrumb"},"inLanguage":"en-US","potentialAction":[{"@type":"ReadAction","target":["https:\/\/www.hinzen-privatkontor.de\/anlage-und-finanzierungsstrategie\/"]}]},{"@type":"BreadcrumbList","@id":"https:\/\/www.hinzen-privatkontor.de\/anlage-und-finanzierungsstrategie\/#breadcrumb","itemListElement":[{"@type":"ListItem","position":1,"name":"Startseite","item":"https:\/\/www.hinzen-privatkontor.de\/startseite\/"},{"@type":"ListItem","position":2,"name":"Anlage- und Finanzierungsstrategie"}]},{"@type":"WebSite","@id":"https:\/\/www.hinzen-privatkontor.de\/#website","url":"https:\/\/www.hinzen-privatkontor.de\/","name":"Hinzen Privatkontor","description":"Eine weitere WordPress-Website","potentialAction":[{"@type":"SearchAction","target":{"@type":"EntryPoint","urlTemplate":"https:\/\/www.hinzen-privatkontor.de\/?s={search_term_string}"},"query-input":{"@type":"PropertyValueSpecification","valueRequired":true,"valueName":"search_term_string"}}],"inLanguage":"en-US"}]}},"_links":{"self":[{"href":"https:\/\/www.hinzen-privatkontor.de\/en\/wp-json\/wp\/v2\/pages\/1156","targetHints":{"allow":["GET"]}}],"collection":[{"href":"https:\/\/www.hinzen-privatkontor.de\/en\/wp-json\/wp\/v2\/pages"}],"about":[{"href":"https:\/\/www.hinzen-privatkontor.de\/en\/wp-json\/wp\/v2\/types\/page"}],"author":[{"embeddable":true,"href":"https:\/\/www.hinzen-privatkontor.de\/en\/wp-json\/wp\/v2\/users\/1"}],"replies":[{"embeddable":true,"href":"https:\/\/www.hinzen-privatkontor.de\/en\/wp-json\/wp\/v2\/comments?post=1156"}],"version-history":[{"count":34,"href":"https:\/\/www.hinzen-privatkontor.de\/en\/wp-json\/wp\/v2\/pages\/1156\/revisions"}],"predecessor-version":[{"id":2185,"href":"https:\/\/www.hinzen-privatkontor.de\/en\/wp-json\/wp\/v2\/pages\/1156\/revisions\/2185"}],"wp:attachment":[{"href":"https:\/\/www.hinzen-privatkontor.de\/en\/wp-json\/wp\/v2\/media?parent=1156"}],"curies":[{"name":"wp","href":"https:\/\/api.w.org\/{rel}","templated":true}]}}