{"id":1214,"date":"2020-07-20T12:49:23","date_gmt":"2020-07-20T10:49:23","guid":{"rendered":"https:\/\/www.hinzen-privatkontor.de\/?page_id=1214"},"modified":"2023-04-01T22:40:09","modified_gmt":"2023-04-01T20:40:09","slug":"datenschutz","status":"publish","type":"page","link":"https:\/\/www.hinzen-privatkontor.de\/en\/datenschutz\/","title":{"rendered":"Datenschutz"},"content":{"rendered":"<div id='av-layout-grid-1'  class='av-layout-grid-container av-tohfy-2d3ac273db616a195e013fc99665c6ad entry-content-wrapper main_color av-flex-cells  avia-builder-el-0  avia-builder-el-no-sibling   container_wrap sidebar_right'  >\n<div class='flex_cell av-5nnk4e-46a404ec2fd6762091649ba26cea247d av-gridrow-cell av_one_fifth no_margin  avia-builder-el-1  el_before_av_cell_three_fifth  avia-builder-el-first'  ><div class='flex_cell_inner'><\/div><\/div><div class='flex_cell av-f52um-ada985aaee4bd875c92dec9bd2c7a27b av-gridrow-cell av_three_fifth no_margin  avia-builder-el-2  el_after_av_cell_one_fifth  el_before_av_cell_one_fifth'  ><div class='flex_cell_inner'><p>\n<style type=\"text\/css\" data-created_by=\"avia_inline_auto\" id=\"style-css-av-av_heading-c35d4e90db1eb3aab69d9abb7c7d22bb\">\n#top .av-special-heading.av-av_heading-c35d4e90db1eb3aab69d9abb7c7d22bb{\npadding-bottom:10px;\n}\nbody .av-special-heading.av-av_heading-c35d4e90db1eb3aab69d9abb7c7d22bb .av-special-heading-tag .heading-char{\nfont-size:25px;\n}\n.av-special-heading.av-av_heading-c35d4e90db1eb3aab69d9abb7c7d22bb .av-subheading{\nfont-size:15px;\n}\n<\/style>\n<div  class='av-special-heading av-av_heading-c35d4e90db1eb3aab69d9abb7c7d22bb av-special-heading-h1 blockquote modern-quote  avia-builder-el-3  el_before_av_textblock  avia-builder-el-first'><h1 class='av-special-heading-tag'  itemprop=\"headline\"  >Datenschutz<\/h1><div class=\"special-heading-border\"><div class=\"special-heading-inner-border\"><\/div><\/div><\/div><br \/>\n<section  class='av_textblock_section av-kcue7uof-3a72070914335de6992eefa1b7462652'   itemscope=\"itemscope\" itemtype=\"https:\/\/schema.org\/CreativeWork\" ><div class='avia_textblock'  itemprop=\"text\" ><div id=\"c144\" class=\"csc-default\">\n<p class=\"bodytext\">Verantwortlich f\u00fcr die Verarbeitung Ihrer Daten durch diese Webseite ist<\/p>\n<p class=\"bodytext\">Hinzen Privatkontor e.Kfm.<br \/>\nDipl.-Kfm. Winfried Hinzen<\/p>\n<p class=\"bodytext\">Firmensitz: Pfalzburger Stra\u00dfe 74, 10719 Berlin<br \/>\nTel. +49 (0) 30 3940977-12, Fax +49 (0) 30 3940977-29<\/p>\n<p class=\"bodytext\">B\u00fcro K\u00f6ln: Ursulaplatz 24, 50668 K\u00f6ln<br \/>\nTel. +49 (0) 221 91 40 72 58,\u00a0Fax +49 (0) 221 39 76 73 65<\/p>\n<p class=\"bodytext\"><b>Cookies<br \/>\n<\/b>Wir verwenden zur Erleichterung und zur Verbesserung des Besuchs unserer Webseite Cookies. Der Einsatz von Cookies stellt ein berechtigtes Interesse unsererseits dar. Rechtsgrundlage hierf\u00fcr ist Art. 6, Abs.1 lit. f DS-GVO.<\/p>\n<p>Bei Cookies handelt es sich um kleine Textdateien, die auf Ihrer Festplatte abgelegt und in Abh\u00e4ngigkeit Ihrer Browsereinstellungen bzw. nach einem festgelegten Zeitraum automatisch wieder gel\u00f6scht werden. Sie k\u00f6nnen Ihren Browser so einstellen, dass Sie die Verwendung von Cookies zulassen, ausschlie\u00dfen, der Einsatz von Cookies Ihrer Best\u00e4tigung bedarf und diese nach Sitzungsende automatisch gel\u00f6scht werden. Sollten Sie Cookies nicht zulassen, ist es m\u00f6glich, dass nicht mehr alle Funktionalit\u00e4ten der Webseite gew\u00e4hrleistet sind.<\/p>\n<p><b>Personenbezogene Daten<\/b><br \/>\nPersonenbezogene Daten werden von uns nur dann und auch nur in dem Umfang erhoben, wie Sie diese Daten uns von sich aus, z.B. im Rahmen einer Bewerbung \u00fcbermitteln. Nat\u00fcrlich werden diese Daten vertraulich behandelt und nur zu dem urspr\u00fcnglichen Anlass und Zweck der \u00dcbermittlung verwendet. Grunds\u00e4tzlich werden die Daten nicht an Dritte \u00fcbermittelt. Es sei denn, dies ist gesetzlich vorgeschrieben oder zul\u00e4ssig, Sie haben uns Ihr Einverst\u00e4ndnis erteilt oder eine beh\u00f6rdliche Anordnung liegt hierzu vor.<\/p>\n<p>Sollten Sie mit uns per E-Mail in Kontakt treten werden die E-Mails und die damit zusammenh\u00e4ngenden Daten bei uns im Mailsystem gespeichert. Rechtsgrundlage hierf\u00fcr ist entweder Art. 6, Abs. 1 lit.a,b oder c DS-GVO.<\/p>\n<p>Die E-Mails selbst werden nicht verschl\u00fcsselt.<\/p>\n<p><b>Ihre Rechte<\/b><br \/>\nSie haben das Recht<\/p>\n<ul>\n<li>gem\u00e4\u00df Art. 15 DSGVO Auskunft \u00fcber Ihre von uns verarbeiteten personenbezogenen Daten zu verlangen. Insbesondere k\u00f6nnen Sie Auskunft \u00fcber die Verarbeitungszwecke, die Kategorie der personenbezogenen Daten, die Kategorien von Empf\u00e4ngern, gegen\u00fcber denen Ihre Daten offengelegt wurden oder werden, die geplante Speicherdauer, das Bestehen eines Rechts auf Berichtigung, L\u00f6schung, Einschr\u00e4nkung der Verarbeitung oder Widerspruch, das Bestehen eines Beschwerderechts, die Herkunft Ihrer Daten, sofern diese nicht bei uns erhoben wurden, sowie \u00fcber das Bestehen einer automatisierten Entscheidungsfindung einschlie\u00dflich Profiling und gegebenenfalls aussagekr\u00e4ftigen Informationen zu deren Einzelheit verlangen;<\/li>\n<li>gem\u00e4\u00df Art. 16 DSGVO unverz\u00fcglich die Berichtigung unrichtiger oder Vervollst\u00e4ndigung Ihrer bei uns gespeicherten personenbezogenen Daten zu verlangen;<\/li>\n<li>gem\u00e4\u00df Art. 17 DSGVO die L\u00f6schung Ihrer bei uns gespeicherten personenbezogenen Daten zu verlangen, soweit nicht die Verarbeitung zur Aus\u00fcbung des Rechts auf freie Meinungs\u00e4u\u00dferung und Information, zur Erf\u00fcllung einer rechtlichen Verpflichtung, aus Gr\u00fcnden des \u00f6ffentlichen Interesses oder zur Geltendmachung, Aus\u00fcbung oder Verteidigung von Rechtsanspr\u00fcchen erforderlich ist;<\/li>\n<li>gem\u00e4\u00df Art. 18 DSGVO die Einschr\u00e4nkung der Verarbeitung Ihrer personenbezogenen Daten zu verlangen, soweit die Richtigkeit der Daten von Ihnen bestritten wird, die Verarbeitung unrechtm\u00e4\u00dfig ist, Sie aber deren L\u00f6schung ablehnen und wir die Daten nicht mehr ben\u00f6tigen, Sie jedoch diese zur Geltendmachung, Aus\u00fcbung oder Verteidigung von Rechtsanspr\u00fcchen ben\u00f6tigen oder Sie gem\u00e4\u00df Art. 21 DSGVO Widerspruch gegen die Verarbeitung eingelegt haben;<\/li>\n<li>gem\u00e4\u00df Art. 20 DSGVO Ihre personenbezogenen Daten, die Sie uns bereitgestellt haben, in einem strukturierten, g\u00e4ngigen und maschinell lesbaren Format zu erhalten oder die \u00dcbermittlung an einen anderen Verantwortlichen zu verlangen;<\/li>\n<li>gem\u00e4\u00df Art. 7 Abs. 3 DSGVO Ihre einmal erteilte Einwilligung jederzeit gegen \u00fcber uns zu widerrufen. Dies hat zur Folge, dass wir die Datenverarbeitung, die auf dieser Einwilligung beruhte, f\u00fcr die Zukunft nicht mehr fortf\u00fchren d\u00fcrfen und<\/li>\n<li>gem\u00e4\u00df Art. 77 DESGVO sich bei einer Aufsichtsbeh\u00f6rde zu beschweren. In der Regel k\u00f6nnen Sie sich hierf\u00fcr an die Aufsichtsbeh\u00f6rde ihres \u00fcblichen Aufenthaltsortes oder Arbeitsplatzes oder unseres Sitzes wenden.<\/li>\n<\/ul>\n<p class=\"bodytext\"><b>Widerspruchsrecht<\/b><br \/>\nSofern Ihre personenbezogenen Daten auf Grundlage von berechtigten Interessen gem\u00e4\u00df Art. 6 I Satz 1f) DSGVO verarbeitet werden, haben Sie das Recht, gem\u00e4\u00df Art. 21 DSGVO Widerspruch gegen die Verarbeitung Ihrer personenbezogenen Daten einzulegen, soweit daf\u00fcr Gr\u00fcnde vorliegen, die sich aus Ihrer besonderen Situation ergeben oder sich der Widerspruch gegen Direktwerbung richtet. Im letzteren Fall haben Sie ein generelles Widerspruchsrecht, dass ohne Angabe einer besonderen Situation von uns umgesetzt wird. M\u00f6chten Sie von Ihrem Widerrufs- oder Widerspruchsrecht Gebrauch machen gen\u00fcgt eine E-Mail an <a class=\"mail\" title=\"\u00d6ffnet ein Fenster zum Versenden der E-Mail\" href=\"mailto:hinzen@hinzen-privatkontor.de\">hinzen(at)hinzen-privatkontor.de<\/a>.<\/p>\n<p><b>Datenschutz bei Bewerbungen<\/b><br \/>\nIm Falle einer Bewerbung verarbeiten wir die an uns \u00fcbermittelten Daten zum Zweck des Bewerbungsprozesses. Rechtsgrundlage hierf\u00fcr ist Art. 6, Abs. 1 lit. a.<\/p>\n<p>Empf\u00e4nger der Daten sind ausschlie\u00dflich die mit dem Bewerbungsprozess bei uns befassten Personen. Bei Ablehnung Ihrer Bewerbung betr\u00e4gt die Speicherdauer 6 Monate \u00fcber den Abschluss des Bewerbungsverfahrens hinaus. Diese Speicherdauer resultiert aus der m\u00f6glichen Geltendmachung von Anspr\u00fcchen nach dem AGG.<\/p>\n<p>Wir k\u00f6nnen mit Ihrer Zustimmung auch eine andere Frist vereinbaren. Rechtsgrundlage daf\u00fcr ist Art. 6, Abs. 1 lit. a DS-GVO.<\/p>\n<p><b>Google Analytics<\/b><br \/>\nWir nutzen Google Analytics, einen Webanalysedienst von Google Inc. 1600 Amphitheatre Parkway, Mountain View, CA 94043, USA. Google Analytics verwendet auch Cookies, die im Fall eines Besuchs unserer Seite auf Ihrem Computer gespeichert werden und die eine Analyse und Verbesserung der Benutzung dieser Seite erm\u00f6glichen. Die durch die Cookies erzeugten Informationen \u00fcber die Seitennutzung einschlie\u00dflich Ihrer IP-Adresse werden im Regelfall an Server von Google in den Vereinigten Staaten von Amerika \u00fcbertragen und dort gespeichert.<\/p>\n<p>Auf unserer Website greift die IP-Anonymisierung. Die IP-Adresse der Nutzer wird innerhalb der Mitgliedsstaaten der EU und des Europ\u00e4ischen Wirtschaftsraum gek\u00fcrzt. Durch diese K\u00fcrzung entf\u00e4llt der Personenbezug Ihrer IP-Adresse. Im Rahmen der Vereinbarung zur Auftragsdatenvereinbarung, die wir mit der Google Inc. geschlossen haben, erstellt diese mithilfe der gesammelten Informationen eine Auswertung der Websitenutzung und der Websiteaktivit\u00e4t und erbringt mit der Internetnutzung verbundene Dienstleistungen. Sie haben die M\u00f6glichkeit, die Speicherung des Cookies auf Ihrem Ger\u00e4t zu verhindern, indem Sie in Ihrem Browser entsprechende Einstellungen vornehmen. Es ist nicht gew\u00e4hrleistet, dass Sie auf alle Funktionen dieser Website ohne Einschr\u00e4nkungen zugreifen k\u00f6nnen, wenn Ihr Browser keine Cookies zul\u00e4sst. Weiterhin k\u00f6nnen Sie durch ein Browser-Plugin verhindern, dass die durch Cookies gesammelten Informationen (inklusive Ihrer IP-Adresse) an die Google Inc. gesendet und von der Google Inc. genutzt werden. Folgender Link f\u00fchrt Sie zu dem entsprechenden Plugin: <a class=\"external-link-new-window\" title=\"Opens external link in new window\" href=\"https:\/\/tools.google.com\/dlpage\/gaoptout?hl=de\" target=\"_blank\" rel=\"noopener\">https:\/\/tools.google.com\/dlpage\/gaoptout?hl=de<\/a>.<\/p>\n<p>Alternativ verhindern Sie mit einem Klick auf diesen Link (Google Analytics deaktivieren), dass Google Analytics innerhalb dieser Website Daten \u00fcber Sie erfasst. Mit dem Klick auf obigen Link laden Sie ein \u201eOpt-Out-Cookie\u201c herunter. Ihr Browser muss die Speicherung von Cookies also hierzu grunds\u00e4tzlich erlauben. L\u00f6schen Sie Ihre Cookies regelm\u00e4\u00dfig, ist ein erneuter Klick auf den Link bei jedem Besuch dieser Website vonn\u00f6ten.<\/p>\n<p>Hier finden Sie weitere Informationen zur Datennutzung durch die Google Inc.: <a class=\"external-link-new-window\" title=\"Opens external link in new window\" href=\"https:\/\/support.google.com\/analytics\/answer\/6004245?hl=de\" target=\"_blank\" rel=\"noopener\">https:\/\/support.google.com\/analytics\/answer\/6004245?hl=de<\/a><\/p>\n<p><strong>Google Web Fonts<br \/>\n<\/strong>Diese Seite nutzt zur einheitlichen Darstellung von Schriftarten so genannte Web Fonts, die von Google bereitgestellt werden. Beim Aufruf einer Seite l\u00e4dt Ihr Browser die ben\u00f6tigten Web Fonts in Ihren Browsercache, um Texte und Schriftarten korrekt anzuzeigen.<\/p>\n<p>Zu diesem Zweck muss der von Ihnen verwendete Browser Verbindung zu den Servern von Google aufnehmen. Hierdurch erlangt Google Kenntnis dar\u00fcber, dass \u00fcber Ihre IP-Adresse diese Website aufgerufen wurde. Die Nutzung von Google WebFonts erfolgt auf Grundlage von Art. 6 Abs. 1 lit. f DSGVO. Der Webseitenbetreiber hat ein berechtigtes Interesse an der einheitlichen Darstellung des Schriftbildes auf seiner Webseite. Sofern eine entsprechende Einwilligung abgefragt wurde (z.B. eine Einwilligung zur Speicherung von Cookies), erfolgt die Verarbeitung ausschlie\u00dflich auf Grundlage von Art. 6 Abs. 1 lit. a DSGVO; die Einwilligung ist jederzeit widerrufbar.<\/p>\n<p>Wenn Ihr Browser Web Fonts nicht unterst\u00fctzt, wird eine Standardschrift von Ihrem Computer genutzt.<\/p>\n<p>Weitere Informationen zu Google Web Fonts finden Sie unter <a href=\"https:\/\/developers.google.com\/fonts\/faq\">https:\/\/developers.google.com\/fonts\/faq<\/a>\u00a0und in der Datenschutzerkl\u00e4rung von Google:\u00a0<a href=\"https:\/\/policies.google.com\/privacy?hl=de\">https:\/\/policies.google.com\/privacy?hl=de<\/a>.<\/p>\n<p><strong>Google Maps<br \/>\n<\/strong>Diese Seite nutzt den Kartendienst Google Maps. Anbieter ist die Google Ireland Limited (\u201eGoogle\u201c), Gordon House, Barrow Street, Dublin 4, Irland.<\/p>\n<p>Zur Nutzung der Funktionen von Google Maps ist es notwendig, Ihre IP-Adresse zu speichern. Diese Informationen werden in der Regel an einen Server von Google in den USA \u00fcbertragen und dort gespeichert. Der Anbieter dieser Seite hat keinen Einfluss auf diese Daten\u00fcbertragung. Wenn Google Maps aktiviert ist, kann Google zum Zwecke der einheitlichen Darstellung der Schriftarten Google Web Fonts verwenden. Beim Aufruf von Google Maps l\u00e4dt Ihr Browser die ben\u00f6tigten Web Fonts in ihren Browsercache, um Texte und Schriftarten korrekt anzuzeigen.<\/p>\n<p>Die Nutzung von Google Maps erfolgt im Interesse einer ansprechenden Darstellung unserer Online-Angebote und an einer leichten Auffindbarkeit der von uns auf der Website angegebenen Orte. Dies stellt ein berechtigtes Interesse im Sinne von Art. 6 Abs. 1 lit. f DSGVO dar. Sofern eine entsprechende Einwilligung abgefragt wurde, erfolgt die Verarbeitung ausschlie\u00dflich auf Grundlage von Art. 6 Abs. 1 lit. a DSGVO und \u00a7 25 Abs. 1 TTDSG, soweit die Einwilligung die Speicherung von Cookies oder den Zugriff auf Informationen im Endger\u00e4t des Nutzers (z.\u00a0B. Device-Fingerprinting) im Sinne des TTDSG umfasst. Die Einwilligung ist jederzeit widerrufbar.<\/p>\n<p>Die Daten\u00fcbertragung in die USA wird auf die Standardvertragsklauseln der EU-Kommission gest\u00fctzt. Details finden Sie hier:\u00a0<a href=\"https:\/\/privacy.google.com\/businesses\/gdprcontrollerterms\/\">https:\/\/privacy.google.com\/businesses\/gdprcontrollerterms\/<\/a>\u00a0und\u00a0<a href=\"https:\/\/privacy.google.com\/businesses\/gdprcontrollerterms\/sccs\/\">https:\/\/privacy.google.com\/businesses\/gdprcontrollerterms\/sccs\/<\/a>.<\/p>\n<p>Mehr Informationen zum Umgang mit Nutzerdaten finden Sie in der Datenschutzerkl\u00e4rung von Google:\u00a0<a href=\"https:\/\/policies.google.com\/privacy?hl=de\">https:\/\/policies.google.com\/privacy?hl=de<\/a>.<\/p>\n<p><b>Einbindung von weiteren Diensten und Inhalten Dritter<\/b><br \/>\nEs kann vorkommen, dass innerhalb unseres Onlineangebotes Inhalte oder Dienste von Dritt-Anbietern, wie zum Beispiel Stadtpl\u00e4ne oder Schriftarten von anderen Webseiten eingebunden werden. Die Einbindung von Inhalten der Dritt-Anbieter setzt immer voraus, dass die Dritt-Anbieter die IP-Adresse der Nutzer wahrnehmen, da sie ohne die IP-Adresse die Inhalte nicht an den Browser der Nutzer senden k\u00f6nnten. Die IP-Adresse ist damit f\u00fcr die Darstellung dieser Inhalte erforderlich. Des Weiteren k\u00f6nnen die Anbieter der Dritt-Inhalte eigene Cookies setzen und die Daten der Nutzer f\u00fcr eigene Zwecke verarbeiten. Dabei k\u00f6nnen aus den verarbeiteten Daten Nutzungsprofile der Nutzer erstellt werden. Wir werden diese Inhalte m\u00f6glichst datensparsam und datenvermeidend einsetzen sowie im Hinblick auf die Datensicherheit zuverl\u00e4ssige Dritt-Anbieter w\u00e4hlen.<\/p>\n<p>Die nachfolgende Darstellung bietet eine \u00dcbersicht von Drittanbietern sowie ihrer Inhalte, nebst Links zu deren Datenschutzerkl\u00e4rungen, welche weitere Hinweise zur Verarbeitung von Daten und, z.T. bereits hier genannt, Widerspruchsm\u00f6glichkeiten (sog. Opt-Out) enthalten:<\/p>\n<p>Externe Schriftarten von Google, Inc., <a class=\"external-link-new-window\" title=\"Opens external link in new window\" href=\"https:\/\/www.google.com\/fonts\" target=\"_blank\" rel=\"noopener\">https:\/\/www.google.com\/fonts<\/a> (\u201eGoogle Fonts\u201c). Die Einbindung der Google Fonts erfolgt durch einen Serveraufruf bei Google (in der Regel in den USA). Datenschutzerkl\u00e4rung: <a class=\"external-link-new-window\" title=\"Opens external link in new window\" href=\"https:\/\/www.google.com\/policies\/privacy\/\" target=\"_blank\" rel=\"noopener\">https:\/\/www.google.com\/policies\/privacy\/<\/a>, Opt-Out: <a class=\"external-link-new-window\" title=\"Opens external link in new window\" href=\"https:\/\/www.google.com\/settings\/ads\/\" target=\"_blank\" rel=\"noopener\">https:\/\/www.google.com\/settings\/ads\/<\/a>.<\/p>\n<p>Landkarten des Dienstes \u201eGoogle Maps\u201c des Dritt-Anbieters Google Inc., 1600 Amphitheatre Parkway, Mountain View, CA 94043, USA, gestellt. Datenschutzerkl\u00e4rung: <a class=\"external-link-new-window\" title=\"Opens external link in new window\" href=\"https:\/\/www.google.com\/policies\/privacy\/\" target=\"_blank\" rel=\"noopener\">https:\/\/www.google.com\/policies\/privacy\/<\/a>, Opt-Out: <a class=\"external-link-new-window\" title=\"Opens external link in new window\" href=\"https:\/\/www.google.com\/settings\/ads\/\" target=\"_blank\" rel=\"noopener\">https:\/\/www.google.com\/settings\/ads\/<\/a>.<br \/>\nVideos der Plattform \u201cYouTube\u201d des Dritt-Anbieters Google Inc., 1600 Amphitheatre Parkway, Mountain View, CA 94043, USA. Datenschutzerkl\u00e4rung: <a class=\"external-link-new-window\" title=\"Opens external link in new window\" href=\"https:\/\/www.google.com\/policies\/privacy\/\" target=\"_blank\" rel=\"noopener\">https:\/\/www.google.com\/policies\/privacy\/<\/a>, Opt-Out: <a class=\"external-link-new-window\" title=\"Opens external link in new window\" href=\"https:\/\/www.google.com\/settings\/ads\/\" target=\"_blank\" rel=\"noopener\">https:\/\/www.google.com\/settings\/ads\/<\/a>.<\/p>\n<p><b>Zum Schluss<\/b><br \/>\nWir behalten uns vor, unsere Datenschutzerkl\u00e4rung, unter Beachtung der jeweils geltenden Datenschutzgesetze, jederzeit anzupassen.<\/p>\n<\/div>\n<\/div><\/section><\/p>\n<\/div><\/div>\n<style type=\"text\/css\" data-created_by=\"avia_inline_auto\" id=\"style-css-av-2vsitq-df822ae7efe2cb15e3f57cda0420e6ea\">\n.flex_cell.av-2vsitq-df822ae7efe2cb15e3f57cda0420e6ea{\nvertical-align:top;\n}\n.responsive #top #wrap_all .flex_cell.av-2vsitq-df822ae7efe2cb15e3f57cda0420e6ea{\npadding:30px 30px 30px 30px !important;\n}\n<\/style>\n<div class='flex_cell av-2vsitq-df822ae7efe2cb15e3f57cda0420e6ea av-gridrow-cell av_one_fifth no_margin  avia-builder-el-5  el_after_av_cell_three_fifth  avia-builder-el-last  content-align-top'  ><div class='flex_cell_inner'><\/div><\/div><\/div>","protected":false},"excerpt":{"rendered":"","protected":false},"author":1,"featured_media":0,"parent":0,"menu_order":0,"comment_status":"closed","ping_status":"closed","template":"","meta":{"footnotes":""},"class_list":["post-1214","page","type-page","status-publish","hentry"],"yoast_head":"<!-- This site is optimized with the Yoast SEO plugin v27.5 - https:\/\/yoast.com\/product\/yoast-seo-wordpress\/ -->\n<title>Datenschutz - Hinzen Privatkontor<\/title>\n<meta name=\"robots\" content=\"index, follow, max-snippet:-1, max-image-preview:large, max-video-preview:-1\" \/>\n<link rel=\"canonical\" href=\"https:\/\/www.hinzen-privatkontor.de\/en\/datenschutz\/\" \/>\n<meta property=\"og:locale\" content=\"en_US\" \/>\n<meta property=\"og:type\" content=\"article\" \/>\n<meta property=\"og:title\" content=\"Datenschutz - Hinzen Privatkontor\" \/>\n<meta property=\"og:url\" content=\"https:\/\/www.hinzen-privatkontor.de\/en\/datenschutz\/\" \/>\n<meta property=\"og:site_name\" content=\"Hinzen Privatkontor\" \/>\n<meta property=\"article:modified_time\" content=\"2023-04-01T20:40:09+00:00\" \/>\n<meta name=\"twitter:card\" content=\"summary_large_image\" \/>\n<meta name=\"twitter:label1\" content=\"Est. reading time\" \/>\n\t<meta name=\"twitter:data1\" content=\"10 minutes\" \/>\n<script type=\"application\/ld+json\" class=\"yoast-schema-graph\">{\"@context\":\"https:\\\/\\\/schema.org\",\"@graph\":[{\"@type\":\"WebPage\",\"@id\":\"https:\\\/\\\/www.hinzen-privatkontor.de\\\/datenschutz\\\/\",\"url\":\"https:\\\/\\\/www.hinzen-privatkontor.de\\\/datenschutz\\\/\",\"name\":\"Datenschutz - Hinzen Privatkontor\",\"isPartOf\":{\"@id\":\"https:\\\/\\\/www.hinzen-privatkontor.de\\\/#website\"},\"datePublished\":\"2020-07-20T10:49:23+00:00\",\"dateModified\":\"2023-04-01T20:40:09+00:00\",\"breadcrumb\":{\"@id\":\"https:\\\/\\\/www.hinzen-privatkontor.de\\\/datenschutz\\\/#breadcrumb\"},\"inLanguage\":\"en-US\",\"potentialAction\":[{\"@type\":\"ReadAction\",\"target\":[\"https:\\\/\\\/www.hinzen-privatkontor.de\\\/datenschutz\\\/\"]}]},{\"@type\":\"BreadcrumbList\",\"@id\":\"https:\\\/\\\/www.hinzen-privatkontor.de\\\/datenschutz\\\/#breadcrumb\",\"itemListElement\":[{\"@type\":\"ListItem\",\"position\":1,\"name\":\"Startseite\",\"item\":\"https:\\\/\\\/www.hinzen-privatkontor.de\\\/startseite\\\/\"},{\"@type\":\"ListItem\",\"position\":2,\"name\":\"Datenschutz\"}]},{\"@type\":\"WebSite\",\"@id\":\"https:\\\/\\\/www.hinzen-privatkontor.de\\\/#website\",\"url\":\"https:\\\/\\\/www.hinzen-privatkontor.de\\\/\",\"name\":\"Hinzen Privatkontor\",\"description\":\"Eine weitere WordPress-Website\",\"potentialAction\":[{\"@type\":\"SearchAction\",\"target\":{\"@type\":\"EntryPoint\",\"urlTemplate\":\"https:\\\/\\\/www.hinzen-privatkontor.de\\\/?s={search_term_string}\"},\"query-input\":{\"@type\":\"PropertyValueSpecification\",\"valueRequired\":true,\"valueName\":\"search_term_string\"}}],\"inLanguage\":\"en-US\"}]}<\/script>\n<!-- \/ Yoast SEO plugin. -->","yoast_head_json":{"title":"Datenschutz - Hinzen Privatkontor","robots":{"index":"index","follow":"follow","max-snippet":"max-snippet:-1","max-image-preview":"max-image-preview:large","max-video-preview":"max-video-preview:-1"},"canonical":"https:\/\/www.hinzen-privatkontor.de\/en\/datenschutz\/","og_locale":"en_US","og_type":"article","og_title":"Datenschutz - Hinzen Privatkontor","og_url":"https:\/\/www.hinzen-privatkontor.de\/en\/datenschutz\/","og_site_name":"Hinzen Privatkontor","article_modified_time":"2023-04-01T20:40:09+00:00","twitter_card":"summary_large_image","twitter_misc":{"Est. reading time":"10 minutes"},"schema":{"@context":"https:\/\/schema.org","@graph":[{"@type":"WebPage","@id":"https:\/\/www.hinzen-privatkontor.de\/datenschutz\/","url":"https:\/\/www.hinzen-privatkontor.de\/datenschutz\/","name":"Datenschutz - Hinzen Privatkontor","isPartOf":{"@id":"https:\/\/www.hinzen-privatkontor.de\/#website"},"datePublished":"2020-07-20T10:49:23+00:00","dateModified":"2023-04-01T20:40:09+00:00","breadcrumb":{"@id":"https:\/\/www.hinzen-privatkontor.de\/datenschutz\/#breadcrumb"},"inLanguage":"en-US","potentialAction":[{"@type":"ReadAction","target":["https:\/\/www.hinzen-privatkontor.de\/datenschutz\/"]}]},{"@type":"BreadcrumbList","@id":"https:\/\/www.hinzen-privatkontor.de\/datenschutz\/#breadcrumb","itemListElement":[{"@type":"ListItem","position":1,"name":"Startseite","item":"https:\/\/www.hinzen-privatkontor.de\/startseite\/"},{"@type":"ListItem","position":2,"name":"Datenschutz"}]},{"@type":"WebSite","@id":"https:\/\/www.hinzen-privatkontor.de\/#website","url":"https:\/\/www.hinzen-privatkontor.de\/","name":"Hinzen Privatkontor","description":"Eine weitere WordPress-Website","potentialAction":[{"@type":"SearchAction","target":{"@type":"EntryPoint","urlTemplate":"https:\/\/www.hinzen-privatkontor.de\/?s={search_term_string}"},"query-input":{"@type":"PropertyValueSpecification","valueRequired":true,"valueName":"search_term_string"}}],"inLanguage":"en-US"}]}},"_links":{"self":[{"href":"https:\/\/www.hinzen-privatkontor.de\/en\/wp-json\/wp\/v2\/pages\/1214","targetHints":{"allow":["GET"]}}],"collection":[{"href":"https:\/\/www.hinzen-privatkontor.de\/en\/wp-json\/wp\/v2\/pages"}],"about":[{"href":"https:\/\/www.hinzen-privatkontor.de\/en\/wp-json\/wp\/v2\/types\/page"}],"author":[{"embeddable":true,"href":"https:\/\/www.hinzen-privatkontor.de\/en\/wp-json\/wp\/v2\/users\/1"}],"replies":[{"embeddable":true,"href":"https:\/\/www.hinzen-privatkontor.de\/en\/wp-json\/wp\/v2\/comments?post=1214"}],"version-history":[{"count":7,"href":"https:\/\/www.hinzen-privatkontor.de\/en\/wp-json\/wp\/v2\/pages\/1214\/revisions"}],"predecessor-version":[{"id":2557,"href":"https:\/\/www.hinzen-privatkontor.de\/en\/wp-json\/wp\/v2\/pages\/1214\/revisions\/2557"}],"wp:attachment":[{"href":"https:\/\/www.hinzen-privatkontor.de\/en\/wp-json\/wp\/v2\/media?parent=1214"}],"curies":[{"name":"wp","href":"https:\/\/api.w.org\/{rel}","templated":true}]}}