{"id":2317,"date":"2022-07-11T11:51:57","date_gmt":"2022-07-11T09:51:57","guid":{"rendered":"https:\/\/www.hinzen-privatkontor.de\/?page_id=2317"},"modified":"2026-02-28T19:36:50","modified_gmt":"2026-02-28T18:36:50","slug":"manuela-kikillus","status":"publish","type":"page","link":"https:\/\/www.hinzen-privatkontor.de\/en\/manuela-kikillus\/","title":{"rendered":"Vita Manuela Kikillus"},"content":{"rendered":"<div id='full_slider_1'  class='avia-fullwidth-slider main_color avia-shadow   avia-builder-el-0  el_before_av_layout_row  avia-builder-el-first   container_wrap sidebar_right'  >\n<style type=\"text\/css\" data-created_by=\"avia_inline_auto\" id=\"style-css-av-kcuctxqx-c9aeb62f3d0ca3ad11f68239b2a748a1\">\n#top #wrap_all .avia-slideshow .av-slideshow-caption.av-kcuctxqx-c9aeb62f3d0ca3ad11f68239b2a748a1__0 .avia-caption-title{\nfont-size:80px;\n}\n<\/style>\n<div  class='avia-slideshow av-kcuctxqx-c9aeb62f3d0ca3ad11f68239b2a748a1 avia-slideshow-no scaling av_slideshow_full avia-slide-slider av-slideshow-ui av-control-default av-slideshow-manual av-loop-once av-loop-manual-endless av-default-height-applied   avia-slideshow-1' data-slideshow-options=\"{&quot;animation&quot;:&quot;slide&quot;,&quot;autoplay&quot;:false,&quot;loop_autoplay&quot;:&quot;once&quot;,&quot;interval&quot;:5,&quot;loop_manual&quot;:&quot;manual-endless&quot;,&quot;autoplay_stopper&quot;:false,&quot;noNavigation&quot;:false,&quot;bg_slider&quot;:false,&quot;keep_padding&quot;:false,&quot;hoverpause&quot;:false,&quot;show_slide_delay&quot;:0}\"  itemprop=\"image\" itemscope=\"itemscope\" itemtype=\"https:\/\/schema.org\/ImageObject\" ><ul class='avia-slideshow-inner' style='padding-bottom: 26.666666666667%;'><li  class='avia-slideshow-slide av-kcuctxqx-c9aeb62f3d0ca3ad11f68239b2a748a1__0  av-single-slide slide-1 slide-odd'><div data-rel='slideshow-1' class='avia-slide-wrap'   ><div class='av-slideshow-caption av-kcuctxqx-c9aeb62f3d0ca3ad11f68239b2a748a1__0 caption_fullwidth caption_bottom'><div class=\"container caption_container\"><div class=\"slideshow_caption\"><div class=\"slideshow_inner_caption\"><div class=\"slideshow_align_caption\"><h2 class='avia-caption-title'  itemprop=\"name\" >Manuela Kikillus<\/h2><\/div><\/div><\/div><\/div><\/div><img decoding=\"async\" fetchpriority=\"high\" class=\"wp-image-1502 avia-img-lazy-loading-not-1502\"  src=\"https:\/\/www.hinzen-privatkontor.de\/wp-content\/uploads\/2020\/07\/Slider_Team_1500x400.jpg\" width=\"1500\" height=\"400\" title='Slider_Team_1500x400' alt=''  itemprop=\"thumbnailUrl\" srcset=\"https:\/\/www.hinzen-privatkontor.de\/wp-content\/uploads\/2020\/07\/Slider_Team_1500x400.jpg 1500w, https:\/\/www.hinzen-privatkontor.de\/wp-content\/uploads\/2020\/07\/Slider_Team_1500x400-300x80.jpg 300w, https:\/\/www.hinzen-privatkontor.de\/wp-content\/uploads\/2020\/07\/Slider_Team_1500x400-1030x275.jpg 1030w, https:\/\/www.hinzen-privatkontor.de\/wp-content\/uploads\/2020\/07\/Slider_Team_1500x400-768x205.jpg 768w, https:\/\/www.hinzen-privatkontor.de\/wp-content\/uploads\/2020\/07\/Slider_Team_1500x400-705x188.jpg 705w\" sizes=\"(max-width: 1500px) 100vw, 1500px\" \/><div class='av-section-color-overlay' style='opacity: 0.3; background-color: #000000; '><\/div><\/div><\/li><\/ul><\/div><\/div>\n<div id='av-layout-grid-1'  class='av-layout-grid-container av-6e431n-a39b5a48334adab78ada06941310b0df entry-content-wrapper main_color av-flex-cells  avia-builder-el-1  el_after_av_slideshow_full  avia-builder-el-last  grid-row-not-first  container_wrap sidebar_right'  >\n\n<style type=\"text\/css\" data-created_by=\"avia_inline_auto\" id=\"style-css-av-l38rew7e-ec506e9151f5999aa34bc2947e6d3fed\">\n.flex_cell.av-l38rew7e-ec506e9151f5999aa34bc2947e6d3fed{\nvertical-align:top;\n}\n.responsive #top #wrap_all .flex_cell.av-l38rew7e-ec506e9151f5999aa34bc2947e6d3fed{\npadding:50px 50px 50px 50px !important;\n}\n<\/style>\n<div class='flex_cell av-l38rew7e-ec506e9151f5999aa34bc2947e6d3fed av-gridrow-cell av_one_full no_margin  avia-builder-el-2  avia-builder-el-no-sibling  content-align-top'  ><div class='flex_cell_inner'><p>\n<style type=\"text\/css\" data-created_by=\"avia_inline_auto\" id=\"style-css-av-3pz7zv-cef0f6bb1039ca781b0dc07916428dd7\">\n.flex_column.av-3pz7zv-cef0f6bb1039ca781b0dc07916428dd7{\nborder-radius:0px 0px 0px 0px;\npadding:0px 0px 0px 0px;\n}\n<\/style>\n<div  class='flex_column av-3pz7zv-cef0f6bb1039ca781b0dc07916428dd7 av_one_fifth  avia-builder-el-3  el_before_av_one_fourth  avia-builder-el-first  first flex_column_div av-zero-column-padding'     ><\/div>\n<style type=\"text\/css\" data-created_by=\"avia_inline_auto\" id=\"style-css-av-4ayysb-2df465a20eca0613b7f4f79b463398a5\">\n.flex_column.av-4ayysb-2df465a20eca0613b7f4f79b463398a5{\nborder-radius:0px 0px 0px 0px;\npadding:0px 0px 0px 0px;\n}\n<\/style>\n<div  class='flex_column av-4ayysb-2df465a20eca0613b7f4f79b463398a5 av_one_fourth  avia-builder-el-4  el_after_av_one_fifth  el_before_av_one_third  flex_column_div av-zero-column-padding'     ><section  class='avia-team-member av-l38kxw9j-5702cd8b2f53392a4463ee29296268de  avia-builder-el-5  avia-builder-el-no-sibling'  itemscope=\"itemscope\" itemtype=\"https:\/\/schema.org\/Person\" ><div class=\"team-img-container\"><img decoding=\"async\" fetchpriority=\"high\" class='wp-image-2693 avia-img-lazy-loading-not-2693 avia_image avia_image_team' src=\"https:\/\/www.hinzen-privatkontor.de\/wp-content\/uploads\/2026\/02\/Kikillus_N-221x300.jpg\" alt='Diplomp\u00e4dagogin MBA'  itemprop=\"image\"   height=\"300\" width=\"221\" srcset=\"https:\/\/www.hinzen-privatkontor.de\/wp-content\/uploads\/2026\/02\/Kikillus_N-221x300.jpg 221w, https:\/\/www.hinzen-privatkontor.de\/wp-content\/uploads\/2026\/02\/Kikillus_N-9x12.jpg 9w, https:\/\/www.hinzen-privatkontor.de\/wp-content\/uploads\/2026\/02\/Kikillus_N.jpg 420w\" sizes=\"(max-width: 221px) 100vw, 221px\" \/><\/div><h3 class='team-member-name'  itemprop=\"name\" >Diplomp\u00e4dagogin MBA<\/h3><div class='team-member-job-title'  itemprop=\"jobTitle\" >K\u00f6ln<\/div><span class='hidden team-member-affiliation'  itemprop=\"affiliation\" >Hinzen Privatkontor<\/span><\/section><\/div>\n<style type=\"text\/css\" data-created_by=\"avia_inline_auto\" id=\"style-css-av-2k6t1n-32d19a7b4a052901da1659710fe48375\">\n.flex_column.av-2k6t1n-32d19a7b4a052901da1659710fe48375{\nborder-radius:0px 0px 0px 0px;\npadding:0px 0px 0px 0px;\n}\n<\/style>\n<div  class='flex_column av-2k6t1n-32d19a7b4a052901da1659710fe48375 av_one_third  avia-builder-el-6  el_after_av_one_fourth  el_before_av_one_fifth  flex_column_div av-zero-column-padding'     ><section  class='av_textblock_section av-l31o2bh8-4d68b5c7a594aa856d838c6602ff7331'   itemscope=\"itemscope\" itemtype=\"https:\/\/schema.org\/CreativeWork\" ><div class='avia_textblock'  itemprop=\"text\" ><h4><strong>Ihre berufliche Laufbahn\u00a0<\/strong><\/h4>\n<p>begann sie\u00a0 in der Bildungsberatung der Stadt K\u00f6ln. Von dort wechselte sie zu UNICEF \u2013 Deutschland, wo sie als Bereichsleiterin f\u00fcr das ehrenamtliche Netzwerk Pionierarbeit im Freiwilligenmanagement in Deutschland leistete. Als Mitglied der Gesch\u00e4ftsleitung konnte sie den erfolgreichen Kurs von UNICEF in den 90er Jahren mitgestalten.<\/p>\n<h4><strong>Als Bereichsleiterin Kommunikation und Marketing <\/strong><\/h4>\n<p>wechselte sie zum BUND, Bund f\u00fcr Umwelt und Naturschutz Deutschland. Als Bereichsleiterin Fundraising in der Stiftung Deutsche Schlaganfall-Hilfe berichtete sie direkt an Brigitte und Liz Mohn. Zwei Jahre als Leiterin Fundraising und Marketing im Mukoviszidose e.V. schlossen sich an.<\/p>\n<h4><strong>Seit 2005 spezialisierte <\/strong><\/h4>\n<p>sich Manuela Kikillus darauf, internationale Organisationen in den deutschen Markt zu f\u00fchren: Als Generalmanagerin steuerte sie zun\u00e4chst die deutsche Vertretung von Save the Children International, der gr\u00f6\u00dften internationalen Kinderrechtsorganisation. Im Anschluss \u00fcbernahm sie erst die Gesch\u00e4ftsf\u00fchrung, sp\u00e4ter dann die Vorstandsfunktion bei Habitat for Humanity Deutschland. Habitat for Humanity, eine internationale christliche Hilfsorganisation, verhilft in 90 L\u00e4ndern Menschen, die bislang in Elendsbehausungen gelebt haben, zu einem Dach \u00fcber dem Kopf.<\/p>\n<h4><strong>Seit Februar 2013\u00a0 freiberuflich <\/strong><\/h4>\n<p>t\u00e4tig in der Strategie- und Fundraisingberatung.<\/p>\n<p>Manuela Kikillus verf\u00fcgt \u00fcber 30 Jahre F\u00fchrungs- und Fundraisingerfahrung in Hilfsorganisationen. Freiwilligenmanagement, Fundraising, Strategie, Change Management sowie alle Fragen der Organisationssteuerung geh\u00f6ren zu ihren Kernkompetenzen. Sie spricht flie\u00dfend Englisch und Franz\u00f6sisch und hat Grundkenntnisse in Italienisch und Spanisch.<\/p>\n<h4><strong>Manuela Kikillus engagiert sich ehrenamtlich <\/strong><\/h4>\n<p>in den Aufsichtsgremien folgender Organisationen:<\/p>\n<ul>\n<li>Hilde Ulrichs-Stiftung \u2013 aktiv leben mit Parkinson<\/li>\n<li>Habitat for Humanity Deutschland \u2013 weil jeder ein Zuhause braucht, christliche internationale Hilfsorganisation<\/li>\n<li>ZOA Deutschland \u2013 christliche internationale Nothilfe und Wiederaufbauorganisation.<\/li>\n<\/ul>\n<p>\u00a92021 Manuela Kikillus<\/p>\n<\/div><\/section><\/div>\n<style type=\"text\/css\" data-created_by=\"avia_inline_auto\" id=\"style-css-av-78gqj-66f4449ac8f37a7cb172d3ce6a610cb0\">\n.flex_column.av-78gqj-66f4449ac8f37a7cb172d3ce6a610cb0{\nborder-radius:0px 0px 0px 0px;\npadding:0px 0px 0px 0px;\n}\n<\/style>\n<div  class='flex_column av-78gqj-66f4449ac8f37a7cb172d3ce6a610cb0 av_one_fifth  avia-builder-el-8  el_after_av_one_third  avia-builder-el-last  flex_column_div av-zero-column-padding'     ><\/div><\/p>\n<\/div><\/div><\/div>","protected":false},"excerpt":{"rendered":"","protected":false},"author":1,"featured_media":0,"parent":0,"menu_order":0,"comment_status":"closed","ping_status":"closed","template":"","meta":{"footnotes":""},"class_list":["post-2317","page","type-page","status-publish","hentry"],"yoast_head":"<!-- This site is optimized with the Yoast SEO plugin v27.5 - https:\/\/yoast.com\/product\/yoast-seo-wordpress\/ -->\n<title>Vita Manuela Kikillus - Hinzen Privatkontor<\/title>\n<meta name=\"description\" content=\"Ihre berufliche Laufbahn\u00a0begann sie\u00a0 in der Bildungsberatung der Stadt K\u00f6ln. Von dort wechselte sie zu UNICEF \u2013 Deutschland, wo sie als Bereichsleiterin f\u00fcr das ehrenamtliche Netzwerk Pionierarbeit im Freiwilligenmanagement in Deutschland leistete.\" \/>\n<meta name=\"robots\" content=\"index, follow, max-snippet:-1, max-image-preview:large, max-video-preview:-1\" \/>\n<link rel=\"canonical\" href=\"https:\/\/www.hinzen-privatkontor.de\/en\/manuela-kikillus\/\" \/>\n<meta property=\"og:locale\" content=\"en_US\" \/>\n<meta property=\"og:type\" content=\"article\" \/>\n<meta property=\"og:title\" content=\"Vita Manuela Kikillus - Hinzen Privatkontor\" \/>\n<meta property=\"og:description\" content=\"Ihre berufliche Laufbahn\u00a0begann sie\u00a0 in der Bildungsberatung der Stadt K\u00f6ln. Von dort wechselte sie zu UNICEF \u2013 Deutschland, wo sie als Bereichsleiterin f\u00fcr das ehrenamtliche Netzwerk Pionierarbeit im Freiwilligenmanagement in Deutschland leistete.\" \/>\n<meta property=\"og:url\" content=\"https:\/\/www.hinzen-privatkontor.de\/en\/manuela-kikillus\/\" \/>\n<meta property=\"og:site_name\" content=\"Hinzen Privatkontor\" \/>\n<meta property=\"article:modified_time\" content=\"2026-02-28T18:36:50+00:00\" \/>\n<meta name=\"twitter:card\" content=\"summary_large_image\" \/>\n<meta name=\"twitter:label1\" content=\"Est. reading time\" \/>\n\t<meta name=\"twitter:data1\" content=\"2 minutes\" \/>\n<script type=\"application\/ld+json\" class=\"yoast-schema-graph\">{\"@context\":\"https:\\\/\\\/schema.org\",\"@graph\":[{\"@type\":\"WebPage\",\"@id\":\"https:\\\/\\\/www.hinzen-privatkontor.de\\\/manuela-kikillus\\\/\",\"url\":\"https:\\\/\\\/www.hinzen-privatkontor.de\\\/manuela-kikillus\\\/\",\"name\":\"Vita Manuela Kikillus - Hinzen Privatkontor\",\"isPartOf\":{\"@id\":\"https:\\\/\\\/www.hinzen-privatkontor.de\\\/#website\"},\"datePublished\":\"2022-07-11T09:51:57+00:00\",\"dateModified\":\"2026-02-28T18:36:50+00:00\",\"description\":\"Ihre berufliche Laufbahn\u00a0begann sie\u00a0 in der Bildungsberatung der Stadt K\u00f6ln. Von dort wechselte sie zu UNICEF \u2013 Deutschland, wo sie als Bereichsleiterin f\u00fcr das ehrenamtliche Netzwerk Pionierarbeit im Freiwilligenmanagement in Deutschland leistete.\",\"breadcrumb\":{\"@id\":\"https:\\\/\\\/www.hinzen-privatkontor.de\\\/manuela-kikillus\\\/#breadcrumb\"},\"inLanguage\":\"en-US\",\"potentialAction\":[{\"@type\":\"ReadAction\",\"target\":[\"https:\\\/\\\/www.hinzen-privatkontor.de\\\/manuela-kikillus\\\/\"]}]},{\"@type\":\"BreadcrumbList\",\"@id\":\"https:\\\/\\\/www.hinzen-privatkontor.de\\\/manuela-kikillus\\\/#breadcrumb\",\"itemListElement\":[{\"@type\":\"ListItem\",\"position\":1,\"name\":\"Startseite\",\"item\":\"https:\\\/\\\/www.hinzen-privatkontor.de\\\/startseite\\\/\"},{\"@type\":\"ListItem\",\"position\":2,\"name\":\"Vita Manuela Kikillus\"}]},{\"@type\":\"WebSite\",\"@id\":\"https:\\\/\\\/www.hinzen-privatkontor.de\\\/#website\",\"url\":\"https:\\\/\\\/www.hinzen-privatkontor.de\\\/\",\"name\":\"Hinzen Privatkontor\",\"description\":\"Eine weitere WordPress-Website\",\"potentialAction\":[{\"@type\":\"SearchAction\",\"target\":{\"@type\":\"EntryPoint\",\"urlTemplate\":\"https:\\\/\\\/www.hinzen-privatkontor.de\\\/?s={search_term_string}\"},\"query-input\":{\"@type\":\"PropertyValueSpecification\",\"valueRequired\":true,\"valueName\":\"search_term_string\"}}],\"inLanguage\":\"en-US\"}]}<\/script>\n<!-- \/ Yoast SEO plugin. -->","yoast_head_json":{"title":"Vita Manuela Kikillus - Hinzen Privatkontor","description":"Ihre berufliche Laufbahn\u00a0begann sie\u00a0 in der Bildungsberatung der Stadt K\u00f6ln. Von dort wechselte sie zu UNICEF \u2013 Deutschland, wo sie als Bereichsleiterin f\u00fcr das ehrenamtliche Netzwerk Pionierarbeit im Freiwilligenmanagement in Deutschland leistete.","robots":{"index":"index","follow":"follow","max-snippet":"max-snippet:-1","max-image-preview":"max-image-preview:large","max-video-preview":"max-video-preview:-1"},"canonical":"https:\/\/www.hinzen-privatkontor.de\/en\/manuela-kikillus\/","og_locale":"en_US","og_type":"article","og_title":"Vita Manuela Kikillus - Hinzen Privatkontor","og_description":"Ihre berufliche Laufbahn\u00a0begann sie\u00a0 in der Bildungsberatung der Stadt K\u00f6ln. Von dort wechselte sie zu UNICEF \u2013 Deutschland, wo sie als Bereichsleiterin f\u00fcr das ehrenamtliche Netzwerk Pionierarbeit im Freiwilligenmanagement in Deutschland leistete.","og_url":"https:\/\/www.hinzen-privatkontor.de\/en\/manuela-kikillus\/","og_site_name":"Hinzen Privatkontor","article_modified_time":"2026-02-28T18:36:50+00:00","twitter_card":"summary_large_image","twitter_misc":{"Est. reading time":"2 minutes"},"schema":{"@context":"https:\/\/schema.org","@graph":[{"@type":"WebPage","@id":"https:\/\/www.hinzen-privatkontor.de\/manuela-kikillus\/","url":"https:\/\/www.hinzen-privatkontor.de\/manuela-kikillus\/","name":"Vita Manuela Kikillus - Hinzen Privatkontor","isPartOf":{"@id":"https:\/\/www.hinzen-privatkontor.de\/#website"},"datePublished":"2022-07-11T09:51:57+00:00","dateModified":"2026-02-28T18:36:50+00:00","description":"Ihre berufliche Laufbahn\u00a0begann sie\u00a0 in der Bildungsberatung der Stadt K\u00f6ln. Von dort wechselte sie zu UNICEF \u2013 Deutschland, wo sie als Bereichsleiterin f\u00fcr das ehrenamtliche Netzwerk Pionierarbeit im Freiwilligenmanagement in Deutschland leistete.","breadcrumb":{"@id":"https:\/\/www.hinzen-privatkontor.de\/manuela-kikillus\/#breadcrumb"},"inLanguage":"en-US","potentialAction":[{"@type":"ReadAction","target":["https:\/\/www.hinzen-privatkontor.de\/manuela-kikillus\/"]}]},{"@type":"BreadcrumbList","@id":"https:\/\/www.hinzen-privatkontor.de\/manuela-kikillus\/#breadcrumb","itemListElement":[{"@type":"ListItem","position":1,"name":"Startseite","item":"https:\/\/www.hinzen-privatkontor.de\/startseite\/"},{"@type":"ListItem","position":2,"name":"Vita Manuela Kikillus"}]},{"@type":"WebSite","@id":"https:\/\/www.hinzen-privatkontor.de\/#website","url":"https:\/\/www.hinzen-privatkontor.de\/","name":"Hinzen Privatkontor","description":"Eine weitere WordPress-Website","potentialAction":[{"@type":"SearchAction","target":{"@type":"EntryPoint","urlTemplate":"https:\/\/www.hinzen-privatkontor.de\/?s={search_term_string}"},"query-input":{"@type":"PropertyValueSpecification","valueRequired":true,"valueName":"search_term_string"}}],"inLanguage":"en-US"}]}},"_links":{"self":[{"href":"https:\/\/www.hinzen-privatkontor.de\/en\/wp-json\/wp\/v2\/pages\/2317","targetHints":{"allow":["GET"]}}],"collection":[{"href":"https:\/\/www.hinzen-privatkontor.de\/en\/wp-json\/wp\/v2\/pages"}],"about":[{"href":"https:\/\/www.hinzen-privatkontor.de\/en\/wp-json\/wp\/v2\/types\/page"}],"author":[{"embeddable":true,"href":"https:\/\/www.hinzen-privatkontor.de\/en\/wp-json\/wp\/v2\/users\/1"}],"replies":[{"embeddable":true,"href":"https:\/\/www.hinzen-privatkontor.de\/en\/wp-json\/wp\/v2\/comments?post=2317"}],"version-history":[{"count":7,"href":"https:\/\/www.hinzen-privatkontor.de\/en\/wp-json\/wp\/v2\/pages\/2317\/revisions"}],"predecessor-version":[{"id":2703,"href":"https:\/\/www.hinzen-privatkontor.de\/en\/wp-json\/wp\/v2\/pages\/2317\/revisions\/2703"}],"wp:attachment":[{"href":"https:\/\/www.hinzen-privatkontor.de\/en\/wp-json\/wp\/v2\/media?parent=2317"}],"curies":[{"name":"wp","href":"https:\/\/api.w.org\/{rel}","templated":true}]}}